{"id":260,"date":"2021-11-16T21:28:55","date_gmt":"2021-11-16T20:28:55","guid":{"rendered":"https:\/\/nssn-jdr.com\/?page_id=260"},"modified":"2022-07-22T12:45:59","modified_gmt":"2022-07-22T10:45:59","slug":"260-2","status":"publish","type":"page","link":"https:\/\/nssn-jdr.com\/?page_id=260","title":{"rendered":"Pr\u00e9-tir\u00e9s"},"content":{"rendered":"<p>[et_pb_section fb_built=\u00a0\u00bb1&Prime; _builder_version=\u00a0\u00bb3.22&Prime; custom_padding=\u00a0\u00bb110px||110px|\u00a0\u00bb][et_pb_row column_structure=\u00a0\u00bb1_2,1_2&Prime; _builder_version=\u00a0\u00bb3.25&Prime; custom_padding=\u00a0\u00bb0px|||||\u00a0\u00bb][et_pb_column type=\u00a0\u00bb1_2&Prime; _builder_version=\u00a0\u00bb3.25&Prime; custom_padding=\u00a0\u00bb|||\u00a0\u00bb custom_padding__hover=\u00a0\u00bb|||\u00a0\u00bb][et_pb_text admin_label=\u00a0\u00bbDiscover Beatuty Title\u00a0\u00bb _builder_version=\u00a0\u00bb4.9.1&Prime; text_font=\u00a0\u00bb||||\u00a0\u00bb text_text_color=\u00a0\u00bb#1a1a1a\u00a0\u00bb header_font=\u00a0\u00bbOswald|on||on|\u00a0\u00bb header_text_align=\u00a0\u00bbright\u00a0\u00bb header_font_size=\u00a0\u00bb60px\u00a0\u00bb header_line_height=\u00a0\u00bb1.3em\u00a0\u00bb custom_margin=\u00a0\u00bb||0px|||\u00a0\u00bb animation_style=\u00a0\u00bbslide\u00a0\u00bb animation_direction=\u00a0\u00bbtop\u00a0\u00bb animation_intensity_slide=\u00a0\u00bb10%\u00a0\u00bb]<\/p>\n<h1 style=\"text-align: left;\">personnages<\/h1>\n<h1 style=\"text-align: left;\">pr\u00e9-tir\u00e9s<\/h1>\n<p>[\/et_pb_text][et_pb_text admin_label=\u00a0\u00bbDiscover Beatuty Text\u00a0\u00bb _builder_version=\u00a0\u00bb4.9.1&Prime; text_font=\u00a0\u00bbRoboto||||\u00a0\u00bb text_font_size=\u00a0\u00bb16px\u00a0\u00bb text_line_height=\u00a0\u00bb1.9em\u00a0\u00bb custom_padding=\u00a0\u00bb30px|||\u00a0\u00bb animation_style=\u00a0\u00bbslide\u00a0\u00bb animation_direction=\u00a0\u00bbtop\u00a0\u00bb animation_delay=\u00a0\u00bb200ms\u00a0\u00bb animation_intensity_slide=\u00a0\u00bb10%\u00a0\u00bb hover_enabled=\u00a0\u00bb0&Prime; sticky_enabled=\u00a0\u00bb0&Prime;]<\/p>\n<p style=\"text-align: justify;\">Vous trouverez ci-dessous une liste de personnages pr\u00eats \u00e0 \u00eatre jou\u00e9s. Il ne reste plus qu&rsquo;\u00e0 tirer leurs \u00e9quipements de d\u00e9parts.<\/p>\n<p style=\"text-align: justify;\"><a href=\"https:\/\/drive.google.com\/file\/d\/1pfoosd2k25YPMYeApD1-lp1fedGWRaEV\/view?usp=sharing\" target=\"_blank\" rel=\"noopener\"><span id=\"p17\"><span id=\"29\">l<\/span>&lsquo;espion elfe malchanceux<\/span><\/a><br \/><a href=\"https:\/\/drive.google.com\/file\/d\/1TcXsad7uu8ne_-3DpgPfjCP-q4I4lImj\/view?usp=sharing\" target=\"_blank\" rel=\"noopener\"><span id=\"p18\"><span id=\"30\" class=\"s-rg-t\">le<\/span><span>\u00a0<\/span>faune charismatique<\/span><\/a><br \/><a href=\"https:\/\/drive.google.com\/file\/d\/1XQzAiHO17KqdczYf3f3sgt0XS8D4480o\/view?usp=sharing\" target=\"_blank\" rel=\"noopener\"><span id=\"p19\"><span id=\"31\" class=\"s-rg-t\">l<\/span>&lsquo;ing\u00e9nieur<span>\u00a0<\/span><span id=\"32\" class=\"s-rg-t\">goblin<\/span><\/span><\/a><br \/><a href=\"https:\/\/drive.google.com\/file\/d\/14L-8TOh2RvxeXWIDj4PE5UKtNvuLhBct\/view?usp=sharing\" target=\"_blank\" rel=\"noopener\"><span id=\"p20\"><span id=\"33\" class=\"s-rg-t\">le<\/span><span>\u00a0<\/span>marchand<span>\u00a0<\/span><span id=\"34\" class=\"s-rg-t\">halfelin<\/span><\/span><\/a><br \/><a href=\"https:\/\/drive.google.com\/file\/d\/1HgZcXsEGBEWsl-eCHW1nOlCkL3KG7Y9p\/view?usp=sharing\" target=\"_blank\" rel=\"noopener\"><span id=\"p21\"><span id=\"35\" class=\"s-rg-t\">le<\/span><span>\u00a0<\/span>demi-humain perceptif<\/span><\/a><br \/><a href=\"https:\/\/drive.google.com\/file\/d\/1V7RJPTfMyjqjkXPMeYMuxZQ5YRktEt7Z\/view?usp=sharing\" target=\"_blank\" rel=\"noopener\"><span id=\"p22\"><span id=\"36\" class=\"s-rg-t\">le<\/span><span>\u00a0<\/span>paria<span>\u00a0<\/span><span id=\"37\" class=\"s-rg-t\">kobold<\/span><\/span><\/a><br \/><a href=\"https:\/\/drive.google.com\/file\/d\/11oqUrXWm-4KtDfZ330sQtgOfSADzbMUT\/view?usp=sharing\" target=\"_blank\" rel=\"noopener\"><span id=\"p23\"><span id=\"38\">le<\/span><span>\u00a0<\/span>diplomate lutin<\/span><\/a><br \/><a href=\"https:\/\/drive.google.com\/file\/d\/1aqHMvqWdphZa_18aqdRfvGpXp27eQKrI\/view?usp=sharing\" target=\"_blank\" rel=\"noopener\"><span id=\"p24\"><span id=\"39\" class=\"s-rg-t\">le<\/span><span>\u00a0<\/span>minotaure brutal<\/span><\/a><br \/><a href=\"https:\/\/drive.google.com\/file\/d\/1aN8LRUDDQ5vdRLTEDo4I3_Uh1SdnurYG\/view?usp=sharing\" target=\"_blank\" rel=\"noopener\"><span id=\"p25\"><span id=\"40\" class=\"s-rg-t\">le<\/span><span>\u00a0<\/span>m\u00e9decin<span>\u00a0<\/span>de guerre<span>\u00a0<\/span><span id=\"42\" class=\"s-rg-t\">mycean\u00e9en<\/span><\/span><\/a><br \/><a href=\"https:\/\/drive.google.com\/file\/d\/1S26zWEI2ksaYQOa8ZpvgUwYiP4edIcTj\/view?usp=sharing\" target=\"_blank\" rel=\"noopener\"><span id=\"p26\"><span id=\"43\" class=\"s-rg-t\">le<\/span><span>\u00a0<\/span>chasseur nain<\/span><\/a><br \/><a href=\"https:\/\/drive.google.com\/file\/d\/105XkUdw1TLt2a2jQkHWzJIgUiit5VTDP\/view?usp=sharing\" target=\"_blank\" rel=\"noopener\"><span id=\"p27\"><span id=\"44\" class=\"s-rg-t\">le<\/span><span>\u00a0<\/span>pugiliste<span>\u00a0<\/span><span id=\"45\" class=\"s-rg-t\">orc<\/span><span>\u00a0<\/span>sourd<\/span><\/a><br \/><a href=\"https:\/\/drive.google.com\/file\/d\/1cxxzGxyv4Iy_KxUloVn8soHRraFdny_n\/view?usp=sharing\" target=\"_blank\" rel=\"noopener\"><span id=\"p28\"><span id=\"46\">le<\/span><span>\u00a0<\/span>guerrier<span>\u00a0<\/span><span id=\"47\">ulath<\/span><\/span><\/a><\/p>\n<p>[\/et_pb_text][\/et_pb_column][et_pb_column type=\u00a0\u00bb1_2&Prime; _builder_version=\u00a0\u00bb3.25&Prime; custom_padding=\u00a0\u00bb|||\u00a0\u00bb custom_padding__hover=\u00a0\u00bb|||\u00a0\u00bb][et_pb_image src=\u00a0\u00bbhttps:\/\/nssn-jdr.com\/wp-content\/uploads\/2021\/11\/cocleen_pretire.png\u00a0\u00bb title_text=\u00a0\u00bbcocleen_pretire\u00a0\u00bb force_fullwidth=\u00a0\u00bbon\u00a0\u00bb align_tablet=\u00a0\u00bbcenter\u00a0\u00bb align_phone=\u00a0\u00bb\u00a0\u00bb align_last_edited=\u00a0\u00bbon|desktop\u00a0\u00bb _builder_version=\u00a0\u00bb4.9.1&Prime; custom_margin=\u00a0\u00bb1px|||||\u00a0\u00bb animation_style=\u00a0\u00bbfold\u00a0\u00bb animation_direction=\u00a0\u00bbright\u00a0\u00bb animation_intensity_fold=\u00a0\u00bb20%\u00a0\u00bb animation=\u00a0\u00bbfade_in\u00a0\u00bb][\/et_pb_image][\/et_pb_column][\/et_pb_row][\/et_pb_section]<\/p>\n","protected":false},"excerpt":{"rendered":"<p>[et_pb_section fb_built=\u00a0\u00bb1&Prime; _builder_version=\u00a0\u00bb3.22&Prime; custom_padding=\u00a0\u00bb110px||110px|\u00a0\u00bb][et_pb_row column_structure=\u00a0\u00bb1_2,1_2&Prime; _builder_version=\u00a0\u00bb3.25&Prime; custom_padding=\u00a0\u00bb0px|||||\u00a0\u00bb][et_pb_column type=\u00a0\u00bb1_2&Prime; _builder_version=\u00a0\u00bb3.25&Prime; custom_padding=\u00a0\u00bb|||\u00a0\u00bb custom_padding__hover=\u00a0\u00bb|||\u00a0\u00bb][et_pb_text admin_label=\u00a0\u00bbDiscover Beatuty Title\u00a0\u00bb _builder_version=\u00a0\u00bb4.9.1&Prime; text_font=\u00a0\u00bb||||\u00a0\u00bb text_text_color=\u00a0\u00bb#1a1a1a\u00a0\u00bb header_font=\u00a0\u00bbOswald|on||on|\u00a0\u00bb header_text_align=\u00a0\u00bbright\u00a0\u00bb header_font_size=\u00a0\u00bb60px\u00a0\u00bb header_line_height=\u00a0\u00bb1.3em\u00a0\u00bb custom_margin=\u00a0\u00bb||0px|||\u00a0\u00bb animation_style=\u00a0\u00bbslide\u00a0\u00bb animation_direction=\u00a0\u00bbtop\u00a0\u00bb animation_intensity_slide=\u00a0\u00bb10%\u00a0\u00bb] personnages pr\u00e9-tir\u00e9s [\/et_pb_text][et_pb_text admin_label=\u00a0\u00bbDiscover Beatuty Text\u00a0\u00bb _builder_version=\u00a0\u00bb4.9.1&Prime; text_font=\u00a0\u00bbRoboto||||\u00a0\u00bb text_font_size=\u00a0\u00bb16px\u00a0\u00bb text_line_height=\u00a0\u00bb1.9em\u00a0\u00bb custom_padding=\u00a0\u00bb30px|||\u00a0\u00bb animation_style=\u00a0\u00bbslide\u00a0\u00bb animation_direction=\u00a0\u00bbtop\u00a0\u00bb animation_delay=\u00a0\u00bb200ms\u00a0\u00bb animation_intensity_slide=\u00a0\u00bb10%\u00a0\u00bb hover_enabled=\u00a0\u00bb0&Prime; sticky_enabled=\u00a0\u00bb0&Prime;] Vous trouverez ci-dessous une liste de personnages pr\u00eats \u00e0 \u00eatre jou\u00e9s. Il ne [&hellip;]<\/p>\n","protected":false},"author":1,"featured_media":0,"parent":0,"menu_order":0,"comment_status":"closed","ping_status":"closed","template":"","meta":{"_et_pb_use_builder":"on","_et_pb_old_content":"","_et_gb_content_width":"","footnotes":""},"class_list":["post-260","page","type-page","status-publish","hentry"],"_links":{"self":[{"href":"https:\/\/nssn-jdr.com\/index.php?rest_route=\/wp\/v2\/pages\/260","targetHints":{"allow":["GET"]}}],"collection":[{"href":"https:\/\/nssn-jdr.com\/index.php?rest_route=\/wp\/v2\/pages"}],"about":[{"href":"https:\/\/nssn-jdr.com\/index.php?rest_route=\/wp\/v2\/types\/page"}],"author":[{"embeddable":true,"href":"https:\/\/nssn-jdr.com\/index.php?rest_route=\/wp\/v2\/users\/1"}],"replies":[{"embeddable":true,"href":"https:\/\/nssn-jdr.com\/index.php?rest_route=%2Fwp%2Fv2%2Fcomments&post=260"}],"version-history":[{"count":10,"href":"https:\/\/nssn-jdr.com\/index.php?rest_route=\/wp\/v2\/pages\/260\/revisions"}],"predecessor-version":[{"id":288,"href":"https:\/\/nssn-jdr.com\/index.php?rest_route=\/wp\/v2\/pages\/260\/revisions\/288"}],"wp:attachment":[{"href":"https:\/\/nssn-jdr.com\/index.php?rest_route=%2Fwp%2Fv2%2Fmedia&parent=260"}],"curies":[{"name":"wp","href":"https:\/\/api.w.org\/{rel}","templated":true}]}}